{"id":26,"date":"2019-02-08T17:25:33","date_gmt":"2019-02-08T19:25:33","guid":{"rendered":"http:\/\/demos.famethemes.com\/onepress\/?page_id=26"},"modified":"2020-01-14T13:06:35","modified_gmt":"2020-01-14T16:06:35","slug":"service-title-4","status":"publish","type":"page","link":"http:\/\/aeroclubeplanalto.org.br\/site\/service-title-4\/","title":{"rendered":"Revalida\u00e7\u00e3o de habilita\u00e7\u00e3o"},"content":{"rendered":"<p>O servi\u00e7o inclui a montagem do processo de revalida\u00e7\u00e3o por experi\u00eancia (PLAN) ou revalida\u00e7\u00e3o PLAN e INPL. Possu\u00edmos checador pr\u00f3prio (PLAN ou INPL) e o servi\u00e7o <strong>n\u00e3o inclui<\/strong> as taxas da ANAC e nem o voo de check.<\/p>\n","protected":false},"excerpt":{"rendered":"<p>O servi\u00e7o inclui a montagem do processo de revalida\u00e7\u00e3o por experi\u00eancia (PLAN) ou revalida\u00e7\u00e3o PLAN e INPL. Possu\u00edmos checador pr\u00f3prio (PLAN ou INPL) e o servi\u00e7o n\u00e3o inclui as taxas da ANAC e nem o voo de check.<\/p>\n","protected":false},"author":1,"featured_media":0,"parent":0,"menu_order":0,"comment_status":"closed","ping_status":"closed","template":"","meta":{"footnotes":""},"class_list":["post-26","page","type-page","status-publish","hentry"],"_links":{"self":[{"href":"http:\/\/aeroclubeplanalto.org.br\/site\/wp-json\/wp\/v2\/pages\/26","targetHints":{"allow":["GET"]}}],"collection":[{"href":"http:\/\/aeroclubeplanalto.org.br\/site\/wp-json\/wp\/v2\/pages"}],"about":[{"href":"http:\/\/aeroclubeplanalto.org.br\/site\/wp-json\/wp\/v2\/types\/page"}],"author":[{"embeddable":true,"href":"http:\/\/aeroclubeplanalto.org.br\/site\/wp-json\/wp\/v2\/users\/1"}],"replies":[{"embeddable":true,"href":"http:\/\/aeroclubeplanalto.org.br\/site\/wp-json\/wp\/v2\/comments?post=26"}],"version-history":[{"count":0,"href":"http:\/\/aeroclubeplanalto.org.br\/site\/wp-json\/wp\/v2\/pages\/26\/revisions"}],"wp:attachment":[{"href":"http:\/\/aeroclubeplanalto.org.br\/site\/wp-json\/wp\/v2\/media?parent=26"}],"curies":[{"name":"wp","href":"https:\/\/api.w.org\/{rel}","templated":true}]}}