{"id":24,"date":"2019-02-08T17:25:06","date_gmt":"2019-02-08T19:25:06","guid":{"rendered":"http:\/\/demos.famethemes.com\/onepress\/?page_id=24"},"modified":"2019-02-08T17:24:24","modified_gmt":"2019-02-08T19:24:24","slug":"service-title-2","status":"publish","type":"page","link":"http:\/\/aeroclubeplanalto.org.br\/site\/service-title-2\/","title":{"rendered":"Atualiza\u00e7\u00e3o de CIV e Di\u00e1rio de Bordo"},"content":{"rendered":"<p>O servi\u00e7o inclui o preenchimento de Caderneta de Voo ou Di\u00e1rio de Bordo e Lan\u00e7amento na CIV online.<\/p>\n","protected":false},"excerpt":{"rendered":"<p>O servi\u00e7o inclui o preenchimento de Caderneta de Voo ou Di\u00e1rio de Bordo e Lan\u00e7amento na CIV online.<\/p>\n","protected":false},"author":1,"featured_media":0,"parent":0,"menu_order":0,"comment_status":"closed","ping_status":"closed","template":"","meta":{"footnotes":""},"class_list":["post-24","page","type-page","status-publish","hentry"],"_links":{"self":[{"href":"http:\/\/aeroclubeplanalto.org.br\/site\/wp-json\/wp\/v2\/pages\/24","targetHints":{"allow":["GET"]}}],"collection":[{"href":"http:\/\/aeroclubeplanalto.org.br\/site\/wp-json\/wp\/v2\/pages"}],"about":[{"href":"http:\/\/aeroclubeplanalto.org.br\/site\/wp-json\/wp\/v2\/types\/page"}],"author":[{"embeddable":true,"href":"http:\/\/aeroclubeplanalto.org.br\/site\/wp-json\/wp\/v2\/users\/1"}],"replies":[{"embeddable":true,"href":"http:\/\/aeroclubeplanalto.org.br\/site\/wp-json\/wp\/v2\/comments?post=24"}],"version-history":[{"count":0,"href":"http:\/\/aeroclubeplanalto.org.br\/site\/wp-json\/wp\/v2\/pages\/24\/revisions"}],"wp:attachment":[{"href":"http:\/\/aeroclubeplanalto.org.br\/site\/wp-json\/wp\/v2\/media?parent=24"}],"curies":[{"name":"wp","href":"https:\/\/api.w.org\/{rel}","templated":true}]}}