{"id":1756,"date":"2020-10-24T15:16:28","date_gmt":"2020-10-24T18:16:28","guid":{"rendered":"http:\/\/aeroclubeplanalto.org.br\/site\/?page_id=1756"},"modified":"2020-11-25T12:26:41","modified_gmt":"2020-11-25T15:26:41","slug":"relato-de-prevencao","status":"publish","type":"page","link":"http:\/\/aeroclubeplanalto.org.br\/site\/seguranca-de-voo\/relato-de-prevencao\/","title":{"rendered":"Relato de Preven\u00e7\u00e3o"},"content":{"rendered":"\t\t<div data-elementor-type=\"wp-page\" data-elementor-id=\"1756\" class=\"elementor elementor-1756\">\n\t\t\t\t\t\t<section class=\"elementor-section elementor-top-section elementor-element elementor-element-719d453 elementor-section-boxed elementor-section-height-default elementor-section-height-default\" data-id=\"719d453\" data-element_type=\"section\" data-e-type=\"section\">\n\t\t\t\t\t\t<div class=\"elementor-container elementor-column-gap-default\">\n\t\t\t\t\t<div class=\"elementor-column elementor-col-100 elementor-top-column elementor-element elementor-element-f5db53a\" data-id=\"f5db53a\" data-element_type=\"column\" data-e-type=\"column\">\n\t\t\t<div class=\"elementor-widget-wrap elementor-element-populated\">\n\t\t\t\t\t\t<div class=\"elementor-element elementor-element-660713c elementor-widget elementor-widget-heading\" data-id=\"660713c\" data-element_type=\"widget\" data-e-type=\"widget\" data-widget_type=\"heading.default\">\n\t\t\t\t<div class=\"elementor-widget-container\">\n\t\t\t\t\t<h2 class=\"elementor-heading-title elementor-size-default\">Relato de Preven\u00e7\u00e3o<\/h2>\t\t\t\t<\/div>\n\t\t\t\t<\/div>\n\t\t\t\t\t<\/div>\n\t\t<\/div>\n\t\t\t\t\t<\/div>\n\t\t<\/section>\n\t\t\t\t<section class=\"elementor-section elementor-top-section elementor-element elementor-element-a4186b2 elementor-section-boxed elementor-section-height-default elementor-section-height-default\" data-id=\"a4186b2\" data-element_type=\"section\" data-e-type=\"section\">\n\t\t\t\t\t\t<div class=\"elementor-container elementor-column-gap-default\">\n\t\t\t\t\t<div class=\"elementor-column elementor-col-100 elementor-top-column elementor-element elementor-element-dbb41c5\" data-id=\"dbb41c5\" data-element_type=\"column\" data-e-type=\"column\">\n\t\t\t<div class=\"elementor-widget-wrap elementor-element-populated\">\n\t\t\t\t\t\t<div class=\"elementor-element elementor-element-d697435 elementor-widget elementor-widget-spacer\" data-id=\"d697435\" data-element_type=\"widget\" data-e-type=\"widget\" data-widget_type=\"spacer.default\">\n\t\t\t\t<div class=\"elementor-widget-container\">\n\t\t\t\t\t\t\t<div class=\"elementor-spacer\">\n\t\t\t<div class=\"elementor-spacer-inner\"><\/div>\n\t\t<\/div>\n\t\t\t\t\t\t<\/div>\n\t\t\t\t<\/div>\n\t\t\t\t\t<\/div>\n\t\t<\/div>\n\t\t\t\t\t<\/div>\n\t\t<\/section>\n\t\t\t\t<section class=\"elementor-section elementor-top-section elementor-element elementor-element-7942831d elementor-section-boxed elementor-section-height-default elementor-section-height-default\" data-id=\"7942831d\" data-element_type=\"section\" data-e-type=\"section\">\n\t\t\t\t\t\t<div class=\"elementor-container elementor-column-gap-default\">\n\t\t\t\t\t<div class=\"elementor-column elementor-col-100 elementor-top-column elementor-element elementor-element-3d25920f\" data-id=\"3d25920f\" data-element_type=\"column\" data-e-type=\"column\">\n\t\t\t<div class=\"elementor-widget-wrap elementor-element-populated\">\n\t\t\t\t\t\t<div class=\"elementor-element elementor-element-bce55f8 elementor-widget elementor-widget-text-editor\" data-id=\"bce55f8\" data-element_type=\"widget\" data-e-type=\"widget\" data-widget_type=\"text-editor.default\">\n\t\t\t\t<div class=\"elementor-widget-container\">\n\t\t\t\t\t\t\t\t\t<p style=\"text-align: justify;\"><b><img decoding=\"async\" class=\"alignleft wp-image-1791\" src=\"http:\/\/aeroclubeplanalto.org.br\/site\/wp-content\/uploads\/2020\/10\/SIPAER-e1603636827964.png\" alt=\"\" width=\"66\" height=\"76\" \/>O RELPREV<\/b>\u00a0\u00e9 uma ferramenta que\u00a0tem\u00a0como foco a preven\u00e7\u00e3o de acidentes e incidentes aeron\u00e1uticos. Seu\u00a0<b>objetivo<\/b> \u00e9 fornecer informa\u00e7\u00f5es aos respons\u00e1veis pela seguran\u00e7a operacional de uma determinada entidade (os Elos SIPAER) sobre situa\u00e7\u00f5es de risco que possam comprometer a seguran\u00e7a das atividades a\u00e9reas.<\/p>\r\n&nbsp;\r\n\r\n<hr \/>\r\n<p style=\"padding-left: 40px;\">De acordo com as regulamenta\u00e7\u00f5es brasileiras, este relato (ou parte dele) somente ser\u00e1 usado para a preven\u00e7\u00e3o de acidentes aeron\u00e1uticos, a fim de aumentar a seguran\u00e7a operacional. Este relato n\u00e3o precisa ser identificado. Caso o relator se identifique, o mesmo ser\u00e1 informado sobre as medidas adotadas.<\/p>\r\n\r\n\r\n<hr \/>\r\n<p style=\"text-align: center;\"><strong>DADOS GERAIS DA OCORR\u00caNCIA<\/strong><\/p>\r\n<div class=\"wpforms-container wpforms-container-full\" id=\"wpforms-1755\"><form id=\"wpforms-form-1755\" class=\"wpforms-validate wpforms-form\" data-formid=\"1755\" method=\"post\" enctype=\"multipart\/form-data\" action=\"\/site\/wp-json\/wp\/v2\/pages\/1756?wpforms_form_id=1755\" data-token=\"93ad7de96172c2d64e9b5545b64f694b\" data-token-time=\"1776678328\"><noscript class=\"wpforms-error-noscript\">Ative o JavaScript no seu navegador para preencher este formul\u00e1rio.<\/noscript><div class=\"wpforms-field-container\"><div id=\"wpforms-1755-field_5-container\" class=\"wpforms-field wpforms-field-text wpforms-one-third wpforms-first\" data-field-id=\"5\"><label class=\"wpforms-field-label\" for=\"wpforms-1755-field_5\">Local <span class=\"wpforms-required-label\">*<\/span><\/label><input type=\"text\" id=\"wpforms-1755-field_5\" class=\"wpforms-field-small wpforms-field-required\" name=\"wpforms[fields][5]\" required><div class=\"wpforms-field-description\">Local em que o fato ocorreu<\/div><\/div><div id=\"wpforms-1755-field_6-container\" class=\"wpforms-field wpforms-field-text wpforms-one-third\" data-field-id=\"6\"><label class=\"wpforms-field-label\" for=\"wpforms-1755-field_6\">Data <span class=\"wpforms-required-label\">*<\/span><\/label><input type=\"text\" id=\"wpforms-1755-field_6\" class=\"wpforms-field-small wpforms-field-required wpforms-masked-input\" data-rule-inputmask-incomplete=\"1\" data-inputmask-mask=\"99\/99\/9999\" name=\"wpforms[fields][6]\" required><div class=\"wpforms-field-description\">Data em que o fato ocorreu<\/div><\/div><div id=\"wpforms-1755-field_7-container\" class=\"wpforms-field wpforms-field-text wpforms-one-third\" data-field-id=\"7\"><label class=\"wpforms-field-label\" for=\"wpforms-1755-field_7\">Hora <span class=\"wpforms-required-label\">*<\/span><\/label><input type=\"text\" id=\"wpforms-1755-field_7\" class=\"wpforms-field-small wpforms-field-required wpforms-masked-input\" data-rule-inputmask-incomplete=\"1\" data-inputmask-mask=\"99:99 Z\" name=\"wpforms[fields][7]\" required><div class=\"wpforms-field-description\">Hora em que o fato ocorreu<\/div><\/div><div id=\"wpforms-1755-field_8-container\" class=\"wpforms-field wpforms-field-textarea\" data-field-id=\"8\"><label class=\"wpforms-field-label\" for=\"wpforms-1755-field_8\">PESSOAL ENVOLVIDO E\/OU AERONAVE <span class=\"wpforms-required-label\">*<\/span><\/label><textarea id=\"wpforms-1755-field_8\" class=\"wpforms-field-small wpforms-field-required wpforms-limit-words-enabled\" data-form-id=\"1755\" data-field-id=\"8\" data-text-limit=\"20\" name=\"wpforms[fields][8]\" required><\/textarea><div class=\"wpforms-field-description\">Informe sobre as pessoas envolvidas no fato ou se a ocorr\u00eancia foi com uma aeronave<\/div><\/div><div id=\"wpforms-1755-field_2-container\" class=\"wpforms-field wpforms-field-textarea\" data-field-id=\"2\"><label class=\"wpforms-field-label\" for=\"wpforms-1755-field_2\">Descri\u00e7\u00e3o do Fato <span class=\"wpforms-required-label\">*<\/span><\/label><textarea id=\"wpforms-1755-field_2\" class=\"wpforms-field-medium wpforms-field-required\" name=\"wpforms[fields][2]\" required><\/textarea><div class=\"wpforms-field-description\">Descreva o Fato da forma mais detalhada poss\u00edvel<\/div><\/div><div id=\"wpforms-1755-field_0-container\" class=\"wpforms-field wpforms-field-name\" data-field-id=\"0\"><label class=\"wpforms-field-label\" for=\"wpforms-1755-field_0\">Nome<\/label><input type=\"text\" id=\"wpforms-1755-field_0\" class=\"wpforms-field-medium\" name=\"wpforms[fields][0]\" ><div class=\"wpforms-field-description\">Preencha apenas se desejar se identificar<\/div><\/div><div id=\"wpforms-1755-field_1-container\" class=\"wpforms-field wpforms-field-email\" data-field-id=\"1\"><label class=\"wpforms-field-label\" for=\"wpforms-1755-field_1\">Email<\/label><input type=\"email\" id=\"wpforms-1755-field_1\" class=\"wpforms-field-medium\" name=\"wpforms[fields][1]\" spellcheck=\"false\" ><div class=\"wpforms-field-description\">Preencha apenas se desejar receber resposta sobre as a\u00e7\u00f5es desenvolvidas<\/div><\/div><div id=\"wpforms-1755-field_10-container\" class=\"wpforms-field wpforms-field-file-upload\" data-field-id=\"10\"><label class=\"wpforms-field-label\" for=\"wpforms-1755-field_10\">Upload de Arquivo<\/label><div\n\t\tclass=\"wpforms-uploader \"\n\t\tdata-field-id=\"10\"\n\t\tdata-form-id=\"1755\"\n\t\tdata-input-name=\"wpforms_1755_10\"\n\t\tdata-extensions=\"jpg,jpeg,jpe,gif,png,bmp,tiff,tif,webp,avif,ico,heic,heif,heics,heifs,asf,asx,wmv,wmx,wm,avi,divx,mov,qt,mpeg,mpg,mpe,mp4,m4v,ogv,webm,mkv,3gp,3gpp,3g2,3gp2,txt,asc,c,cc,h,srt,csv,tsv,ics,rtx,css,vtt,mp3,m4a,m4b,aac,ra,ram,wav,x-wav,ogg,oga,flac,mid,midi,wma,wax,mka,rtf,pdf,class,tar,zip,gz,gzip,rar,7z,psd,xcf,doc,pot,pps,ppt,wri,xla,xls,xlt,xlw,mpp,docx,docm,dotx,dotm,xlsx,xlsm,xlsb,xltx,xltm,xlam,pptx,pptm,ppsx,ppsm,potx,potm,ppam,sldx,sldm,onetoc,onetoc2,onepkg,oxps,xps,odt,odp,ods,odg,odc,odb,odf,wp,wpd,key,numbers,pages,xls\"\n\t\tdata-max-size=\"805306368\"\n\t\tdata-max-file-number=\"1\"\n\t\tdata-post-max-size=\"805306368\"\n\t\tdata-max-parallel-uploads=\"4\"\n\t\tdata-parallel-uploads=\"true\"\n\t\tdata-file-chunk-size=\"2097152\">\n\t<div class=\"dz-message\">\n\t\t<svg  viewBox=\"0 0 640 640\" focusable=\"false\" data-icon=\"inbox\" width=\"50px\" height=\"50px\" fill=\"currentColor\" aria-hidden=\"true\">\n\t\t\t<path d=\"M352 173.3L352 384C352 401.7 337.7 416 320 416C302.3 416 288 401.7 288 384L288 173.3L246.6 214.7C234.1 227.2 213.8 227.2 201.3 214.7C188.8 202.2 188.8 181.9 201.3 169.4L297.3 73.4C309.8 60.9 330.1 60.9 342.6 73.4L438.6 169.4C451.1 181.9 451.1 202.2 438.6 214.7C426.1 227.2 405.8 227.2 393.3 214.7L352 173.3zM320 464C364.2 464 400 428.2 400 384L480 384C515.3 384 544 412.7 544 448L544 480C544 515.3 515.3 544 480 544L160 544C124.7 544 96 515.3 96 480L96 448C96 412.7 124.7 384 160 384L240 384C240 428.2 275.8 464 320 464zM464 488C477.3 488 488 477.3 488 464C488 450.7 477.3 440 464 440C450.7 440 440 450.7 440 464C440 477.3 450.7 488 464 488z\"\/>\n\t\t<\/svg>\n\n\t\t<span class=\"modern-title\">\n\t\t\t\t\t\t\tDrag &amp; Drop Files, \t\t\t\t<span>Choose Files to Upload<\/span>\n\t\t\t\t\t<\/span>\n\n\t\t\t<\/div>\n<\/div>\n\n<input\n\t\ttype=\"text\"\n\t\tautocomplete=\"off\"\n\t\treadonly\n\t\tclass=\"dropzone-input\"\n\t\tstyle=\"position:absolute!important;clip:rect(0,0,0,0)!important;height:1px!important;width:1px!important;border:0!important;overflow:hidden!important;padding:0!important;margin:0!important;\"\n\t\tid=\"wpforms-1755-field_10\"\n\t\tname=\"wpforms_1755_10\" \t\tvalue=\"\">\n<div class=\"wpforms-field-description\">Caso deseje enviar um arquivo que auxilie no entendimento do Relato, fa\u00e7a nesta \u00e1rea.<\/div><\/div><div id=\"wpforms-1755-field_11-container\" class=\"wpforms-field wpforms-field-date-time wpforms-one-half wpforms-first\" data-field-id=\"11\"><label class=\"wpforms-field-label\">Data \/ Hora <span class=\"wpforms-required-label\">*<\/span><\/label><div class=\"wpforms-field-row wpforms-field-medium\"><div class=\"wpforms-field-row-block wpforms-date-type-datepicker\"><div class=\"wpforms-datepicker-wrap\"><input type=\"text\" id=\"wpforms-1755-field_11\" class=\"wpforms-field-date-time-date wpforms-datepicker wpforms-field-required\" data-date-format=\"m\/d\/Y\" data-disable-past-dates=\"1\" data-disable-todays-date=\"0\" data-input=\"true\" name=\"wpforms[fields][11][date]\" required><a title=\"Limpar Data\" data-clear role=\"button\" tabindex=\"0\" class=\"wpforms-datepicker-clear\" aria-label=\"Limpar Data\" style=\"display:none;\"><\/a><\/div><label for=\"wpforms-1755-field_11\" class=\"wpforms-field-sublabel after\">Data<\/label><\/div><div class=\"wpforms-field-row-block\"><input type=\"text\" id=\"wpforms-1755-field_11-time\" class=\"wpforms-field-date-time-time wpforms-timepicker wpforms-field-required\" data-time-format=\"H:i\" data-step=\"30\" data-rule-time24h=\"true\" name=\"wpforms[fields][11][time]\" required><label for=\"wpforms-1755-field_11-time\" class=\"wpforms-field-sublabel after\">Hora<\/label><\/div><\/div><div class=\"wpforms-field-description\">Informar data e hora de preenchimento para controle de protocolo<\/div><\/div><\/div><!-- .wpforms-field-container --><div class=\"wpforms-submit-container\" ><input type=\"hidden\" name=\"wpforms[id]\" value=\"1755\"><input type=\"hidden\" name=\"page_title\" value=\"\"><input type=\"hidden\" name=\"page_url\" value=\"http:\/\/aeroclubeplanalto.org.br\/site\/wp-json\/wp\/v2\/pages\/1756\"><input type=\"hidden\" name=\"url_referer\" value=\"\"><button type=\"submit\" name=\"wpforms[submit]\" id=\"wpforms-submit-1755\" class=\"wpforms-submit\" data-alt-text=\"Enviando...\" data-submit-text=\"Enviar\" aria-live=\"assertive\" value=\"wpforms-submit\">Enviar<\/button><\/div><\/form><\/div>  <!-- .wpforms-container -->\t\t\t\t\t\t\t\t<\/div>\n\t\t\t\t<\/div>\n\t\t\t\t\t<\/div>\n\t\t<\/div>\n\t\t\t\t\t<\/div>\n\t\t<\/section>\n\t\t\t\t<\/div>\n\t\t","protected":false},"excerpt":{"rendered":"<p>Relato de Preven\u00e7\u00e3o O RELPREV\u00a0\u00e9 uma ferramenta que\u00a0tem\u00a0como foco a preven\u00e7\u00e3o de acidentes e incidentes aeron\u00e1uticos. Seu\u00a0objetivo \u00e9 fornecer informa\u00e7\u00f5es aos respons\u00e1veis pela seguran\u00e7a operacional de uma determinada entidade (os &#8230;<\/p>\n","protected":false},"author":1,"featured_media":0,"parent":1719,"menu_order":0,"comment_status":"closed","ping_status":"closed","template":"","meta":{"footnotes":""},"class_list":["post-1756","page","type-page","status-publish","hentry"],"_links":{"self":[{"href":"http:\/\/aeroclubeplanalto.org.br\/site\/wp-json\/wp\/v2\/pages\/1756","targetHints":{"allow":["GET"]}}],"collection":[{"href":"http:\/\/aeroclubeplanalto.org.br\/site\/wp-json\/wp\/v2\/pages"}],"about":[{"href":"http:\/\/aeroclubeplanalto.org.br\/site\/wp-json\/wp\/v2\/types\/page"}],"author":[{"embeddable":true,"href":"http:\/\/aeroclubeplanalto.org.br\/site\/wp-json\/wp\/v2\/users\/1"}],"replies":[{"embeddable":true,"href":"http:\/\/aeroclubeplanalto.org.br\/site\/wp-json\/wp\/v2\/comments?post=1756"}],"version-history":[{"count":0,"href":"http:\/\/aeroclubeplanalto.org.br\/site\/wp-json\/wp\/v2\/pages\/1756\/revisions"}],"up":[{"embeddable":true,"href":"http:\/\/aeroclubeplanalto.org.br\/site\/wp-json\/wp\/v2\/pages\/1719"}],"wp:attachment":[{"href":"http:\/\/aeroclubeplanalto.org.br\/site\/wp-json\/wp\/v2\/media?parent=1756"}],"curies":[{"name":"wp","href":"https:\/\/api.w.org\/{rel}","templated":true}]}}