{"id":1713,"date":"2020-10-24T14:22:04","date_gmt":"2020-10-24T17:22:04","guid":{"rendered":"http:\/\/aeroclubeplanalto.org.br\/site\/?page_id=1713"},"modified":"2020-11-25T12:16:10","modified_gmt":"2020-11-25T15:16:10","slug":"meteorologia","status":"publish","type":"page","link":"http:\/\/aeroclubeplanalto.org.br\/site\/meteorologia\/","title":{"rendered":"Meteorologia"},"content":{"rendered":"<p style=\"text-align: justify;\"><strong><span style=\"font-size: 12pt;\">Os arquivos disponibilizados nesta se\u00e7\u00e3o visam auxiliar o piloto de planador a melhor compreender a din\u00e2mica dos fen\u00f4menos meteorol\u00f3gicos para que assim possa obter as maiores vantagens sobre aquilo que a natureza lhe oferece.<\/span><\/strong><\/p>\n<p>&nbsp;<\/p>\n<p><a href=\"http:\/\/aeroclubeplanalto.org.br\/site\/wp-content\/uploads\/2020\/10\/Meteorologia-Aerona\u0301utica-AC_00-6B.pdf\" target=\"_blank\" rel=\"noreferrer noopener\" aria-label=\" (abre em uma nova aba)\">Meteorologia Aerona\u0301utica &#8211; AC_00-6B<\/a><\/p>\n<p><a href=\"http:\/\/aeroclubeplanalto.org.br\/site\/wp-content\/uploads\/2020\/10\/Meteorologia-para-Voo-a-Vela.pdf\" target=\"_blank\" rel=\"noreferrer noopener\" aria-label=\" (abre em uma nova aba)\">Meteorologia para Voo a Vela<\/a><\/p>\n","protected":false},"excerpt":{"rendered":"<p>Os arquivos disponibilizados nesta se\u00e7\u00e3o visam auxiliar o piloto de planador a melhor compreender a din\u00e2mica dos fen\u00f4menos meteorol\u00f3gicos para que assim possa obter as maiores vantagens sobre aquilo que &#8230;<\/p>\n","protected":false},"author":1,"featured_media":0,"parent":0,"menu_order":0,"comment_status":"closed","ping_status":"closed","template":"","meta":{"footnotes":""},"class_list":["post-1713","page","type-page","status-publish","hentry"],"_links":{"self":[{"href":"http:\/\/aeroclubeplanalto.org.br\/site\/wp-json\/wp\/v2\/pages\/1713","targetHints":{"allow":["GET"]}}],"collection":[{"href":"http:\/\/aeroclubeplanalto.org.br\/site\/wp-json\/wp\/v2\/pages"}],"about":[{"href":"http:\/\/aeroclubeplanalto.org.br\/site\/wp-json\/wp\/v2\/types\/page"}],"author":[{"embeddable":true,"href":"http:\/\/aeroclubeplanalto.org.br\/site\/wp-json\/wp\/v2\/users\/1"}],"replies":[{"embeddable":true,"href":"http:\/\/aeroclubeplanalto.org.br\/site\/wp-json\/wp\/v2\/comments?post=1713"}],"version-history":[{"count":0,"href":"http:\/\/aeroclubeplanalto.org.br\/site\/wp-json\/wp\/v2\/pages\/1713\/revisions"}],"wp:attachment":[{"href":"http:\/\/aeroclubeplanalto.org.br\/site\/wp-json\/wp\/v2\/media?parent=1713"}],"curies":[{"name":"wp","href":"https:\/\/api.w.org\/{rel}","templated":true}]}}