{"id":158242,"date":"2024-04-05T15:43:32","date_gmt":"2024-04-05T18:43:32","guid":{"rendered":"http:\/\/aeroclubeplanalto.org.br\/site\/?page_id=158242"},"modified":"2024-11-25T17:02:40","modified_gmt":"2024-11-25T20:02:40","slug":"revalidacao-por-experiencia-2","status":"publish","type":"page","link":"http:\/\/aeroclubeplanalto.org.br\/site\/revalidacao-por-experiencia-2\/","title":{"rendered":"Revalida\u00e7\u00e3o de Licen\u00e7a por Experi\u00eancia e Mais&#8230;(fa\u00e7a voc\u00ea mesmo)"},"content":{"rendered":"\t\t<div data-elementor-type=\"wp-page\" data-elementor-id=\"158242\" class=\"elementor elementor-158242\">\n\t\t\t\t\t\t<section class=\"elementor-section elementor-top-section elementor-element elementor-element-cd25513 elementor-section-boxed elementor-section-height-default elementor-section-height-default\" data-id=\"cd25513\" data-element_type=\"section\" data-e-type=\"section\">\n\t\t\t\t\t\t<div class=\"elementor-container elementor-column-gap-default\">\n\t\t\t\t\t<div class=\"elementor-column elementor-col-100 elementor-top-column elementor-element elementor-element-fc4fb56\" data-id=\"fc4fb56\" data-element_type=\"column\" data-e-type=\"column\">\n\t\t\t<div class=\"elementor-widget-wrap elementor-element-populated\">\n\t\t\t\t\t\t\t<\/div>\n\t\t<\/div>\n\t\t\t\t\t<\/div>\n\t\t<\/section>\n\t\t\t\t<section class=\"elementor-section elementor-top-section elementor-element elementor-element-3d79dfe elementor-section-boxed elementor-section-height-default elementor-section-height-default\" data-id=\"3d79dfe\" data-element_type=\"section\" data-e-type=\"section\">\n\t\t\t\t\t\t<div class=\"elementor-container elementor-column-gap-default\">\n\t\t\t\t\t<div class=\"elementor-column elementor-col-100 elementor-top-column elementor-element elementor-element-f6730f3\" data-id=\"f6730f3\" data-element_type=\"column\" data-e-type=\"column\">\n\t\t\t<div class=\"elementor-widget-wrap elementor-element-populated\">\n\t\t\t\t\t\t<div class=\"elementor-element elementor-element-4ef727e elementor-widget elementor-widget-text-editor\" data-id=\"4ef727e\" data-element_type=\"widget\" data-e-type=\"widget\" data-widget_type=\"text-editor.default\">\n\t\t\t\t<div class=\"elementor-widget-container\">\n\t\t\t\t\t\t\t\t\t<p><a href=\"http:\/\/aeroclubeplanalto.org.br\/site\/wp-content\/uploads\/2024\/04\/Revalidacao-por-Experiencia.pdf\" target=\"_blank\" rel=\"noopener\">Revalida\u00e7\u00e3o de Licen\u00e7a por Experi\u00eancia\u00a0ANAC<\/a><\/p>\t\t\t\t\t\t\t\t<\/div>\n\t\t\t\t<\/div>\n\t\t\t\t\t<\/div>\n\t\t<\/div>\n\t\t\t\t\t<\/div>\n\t\t<\/section>\n\t\t\t\t<section class=\"elementor-section elementor-top-section elementor-element elementor-element-9775bf1 elementor-section-boxed elementor-section-height-default elementor-section-height-default\" data-id=\"9775bf1\" data-element_type=\"section\" data-e-type=\"section\">\n\t\t\t\t\t\t<div class=\"elementor-container elementor-column-gap-default\">\n\t\t\t\t\t<div class=\"elementor-column elementor-col-100 elementor-top-column elementor-element elementor-element-f277e12\" data-id=\"f277e12\" data-element_type=\"column\" data-e-type=\"column\">\n\t\t\t<div class=\"elementor-widget-wrap elementor-element-populated\">\n\t\t\t\t\t\t<div class=\"elementor-element elementor-element-a1708f7 elementor-widget elementor-widget-text-editor\" data-id=\"a1708f7\" data-element_type=\"widget\" data-e-type=\"widget\" data-widget_type=\"text-editor.default\">\n\t\t\t\t<div class=\"elementor-widget-container\">\n\t\t\t\t\t\t\t\t\t<p><a href=\"http:\/\/aeroclubeplanalto.org.br\/site\/wp-content\/uploads\/2024\/11\/guia_pratico_abertura_processo.pdf\" target=\"_blank\" rel=\"noopener\">Guia Pratico para Abertura de Processo na ANAC<\/a><\/p>\t\t\t\t\t\t\t\t<\/div>\n\t\t\t\t<\/div>\n\t\t\t\t<div class=\"elementor-element elementor-element-85aad78 elementor-widget elementor-widget-text-editor\" data-id=\"85aad78\" data-element_type=\"widget\" data-e-type=\"widget\" data-widget_type=\"text-editor.default\">\n\t\t\t\t<div class=\"elementor-widget-container\">\n\t\t\t\t\t\t\t\t\t<p><a href=\"http:\/\/aeroclubeplanalto.org.br\/site\/wp-content\/uploads\/2024\/11\/GuiadoUsuriodeLicenaseHabilitaes.pdf\" target=\"_blank\" rel=\"noopener\">Guia do Usu\u00e1rio para Licen\u00e7as e Habilita\u00e7\u00f5es ANAC<\/a><\/p>\t\t\t\t\t\t\t\t<\/div>\n\t\t\t\t<\/div>\n\t\t\t\t\t<\/div>\n\t\t<\/div>\n\t\t\t\t\t<\/div>\n\t\t<\/section>\n\t\t\t\t<\/div>\n\t\t","protected":false},"excerpt":{"rendered":"<p>Revalida\u00e7\u00e3o de Licen\u00e7a por Experi\u00eancia\u00a0ANAC Guia Pratico para Abertura de Processo na ANAC Guia do Usu\u00e1rio para Licen\u00e7as e Habilita\u00e7\u00f5es ANAC<\/p>\n","protected":false},"author":1,"featured_media":0,"parent":0,"menu_order":0,"comment_status":"closed","ping_status":"closed","template":"","meta":{"footnotes":""},"class_list":["post-158242","page","type-page","status-publish","hentry"],"_links":{"self":[{"href":"http:\/\/aeroclubeplanalto.org.br\/site\/wp-json\/wp\/v2\/pages\/158242","targetHints":{"allow":["GET"]}}],"collection":[{"href":"http:\/\/aeroclubeplanalto.org.br\/site\/wp-json\/wp\/v2\/pages"}],"about":[{"href":"http:\/\/aeroclubeplanalto.org.br\/site\/wp-json\/wp\/v2\/types\/page"}],"author":[{"embeddable":true,"href":"http:\/\/aeroclubeplanalto.org.br\/site\/wp-json\/wp\/v2\/users\/1"}],"replies":[{"embeddable":true,"href":"http:\/\/aeroclubeplanalto.org.br\/site\/wp-json\/wp\/v2\/comments?post=158242"}],"version-history":[{"count":20,"href":"http:\/\/aeroclubeplanalto.org.br\/site\/wp-json\/wp\/v2\/pages\/158242\/revisions"}],"predecessor-version":[{"id":158356,"href":"http:\/\/aeroclubeplanalto.org.br\/site\/wp-json\/wp\/v2\/pages\/158242\/revisions\/158356"}],"wp:attachment":[{"href":"http:\/\/aeroclubeplanalto.org.br\/site\/wp-json\/wp\/v2\/media?parent=158242"}],"curies":[{"name":"wp","href":"https:\/\/api.w.org\/{rel}","templated":true}]}}