{"id":158080,"date":"2022-08-12T16:40:20","date_gmt":"2022-08-12T19:40:20","guid":{"rendered":"http:\/\/aeroclubeplanalto.org.br\/site\/?page_id=158080"},"modified":"2022-09-08T12:29:42","modified_gmt":"2022-09-08T15:29:42","slug":"simulador","status":"publish","type":"page","link":"http:\/\/aeroclubeplanalto.org.br\/site\/simulador\/","title":{"rendered":"Simulador"},"content":{"rendered":"\t\t<div data-elementor-type=\"wp-page\" data-elementor-id=\"158080\" class=\"elementor elementor-158080\">\n\t\t\t\t\t\t<section class=\"elementor-section elementor-top-section elementor-element elementor-element-73a6744 elementor-section-boxed elementor-section-height-default elementor-section-height-default\" data-id=\"73a6744\" data-element_type=\"section\" data-e-type=\"section\">\n\t\t\t\t\t\t<div class=\"elementor-container elementor-column-gap-default\">\n\t\t\t\t\t<div class=\"elementor-column elementor-col-100 elementor-top-column elementor-element elementor-element-435b764\" data-id=\"435b764\" data-element_type=\"column\" data-e-type=\"column\">\n\t\t\t<div class=\"elementor-widget-wrap elementor-element-populated\">\n\t\t\t\t\t\t<div class=\"elementor-element elementor-element-c29c74e elementor-widget elementor-widget-image-gallery\" data-id=\"c29c74e\" data-element_type=\"widget\" data-e-type=\"widget\" data-widget_type=\"image-gallery.default\">\n\t\t\t\t<div class=\"elementor-widget-container\">\n\t\t\t\t\t\t\t<div class=\"elementor-image-gallery\">\n\t\t\t<div id='gallery-1' class='gallery galleryid-158080 gallery-columns-3 gallery-size-large'><figure class='gallery-item'>\n\t\t\t<div class='gallery-icon landscape'>\n\t\t\t\t<a data-elementor-open-lightbox=\"yes\" data-elementor-lightbox-slideshow=\"c29c74e\" data-elementor-lightbox-title=\"IMG_0707\" data-e-action-hash=\"#elementor-action%3Aaction%3Dlightbox%26settings%3DeyJpZCI6MTU4MTA2LCJ1cmwiOiJodHRwOlwvXC9hZXJvY2x1YmVwbGFuYWx0by5vcmcuYnJcL3NpdGVcL3dwLWNvbnRlbnRcL3VwbG9hZHNcLzIwMjJcLzA4XC9JTUdfMDcwNy1zY2FsZWQuanBnIiwic2xpZGVzaG93IjoiYzI5Yzc0ZSJ9\" href='http:\/\/aeroclubeplanalto.org.br\/site\/wp-content\/uploads\/2022\/08\/IMG_0707-scaled.jpg'><img fetchpriority=\"high\" decoding=\"async\" width=\"800\" height=\"600\" src=\"http:\/\/aeroclubeplanalto.org.br\/site\/wp-content\/uploads\/2022\/08\/IMG_0707-1024x768.jpg\" class=\"attachment-large size-large\" alt=\"\" srcset=\"http:\/\/aeroclubeplanalto.org.br\/site\/wp-content\/uploads\/2022\/08\/IMG_0707-1024x768.jpg 1024w, http:\/\/aeroclubeplanalto.org.br\/site\/wp-content\/uploads\/2022\/08\/IMG_0707-300x225.jpg 300w, http:\/\/aeroclubeplanalto.org.br\/site\/wp-content\/uploads\/2022\/08\/IMG_0707-768x576.jpg 768w, http:\/\/aeroclubeplanalto.org.br\/site\/wp-content\/uploads\/2022\/08\/IMG_0707-1536x1152.jpg 1536w, http:\/\/aeroclubeplanalto.org.br\/site\/wp-content\/uploads\/2022\/08\/IMG_0707-2048x1536.jpg 2048w\" sizes=\"(max-width: 800px) 100vw, 800px\" \/><\/a>\n\t\t\t<\/div><\/figure><figure class='gallery-item'>\n\t\t\t<div class='gallery-icon landscape'>\n\t\t\t\t<a data-elementor-open-lightbox=\"yes\" data-elementor-lightbox-slideshow=\"c29c74e\" data-elementor-lightbox-title=\"IMG_0641\" data-e-action-hash=\"#elementor-action%3Aaction%3Dlightbox%26settings%3DeyJpZCI6MTU4MTA0LCJ1cmwiOiJodHRwOlwvXC9hZXJvY2x1YmVwbGFuYWx0by5vcmcuYnJcL3NpdGVcL3dwLWNvbnRlbnRcL3VwbG9hZHNcLzIwMjJcLzA4XC9JTUdfMDY0MS1zY2FsZWQuanBnIiwic2xpZGVzaG93IjoiYzI5Yzc0ZSJ9\" href='http:\/\/aeroclubeplanalto.org.br\/site\/wp-content\/uploads\/2022\/08\/IMG_0641-scaled.jpg'><img decoding=\"async\" width=\"800\" height=\"600\" src=\"http:\/\/aeroclubeplanalto.org.br\/site\/wp-content\/uploads\/2022\/08\/IMG_0641-1024x768.jpg\" class=\"attachment-large size-large\" alt=\"\" srcset=\"http:\/\/aeroclubeplanalto.org.br\/site\/wp-content\/uploads\/2022\/08\/IMG_0641-1024x768.jpg 1024w, http:\/\/aeroclubeplanalto.org.br\/site\/wp-content\/uploads\/2022\/08\/IMG_0641-300x225.jpg 300w, http:\/\/aeroclubeplanalto.org.br\/site\/wp-content\/uploads\/2022\/08\/IMG_0641-768x576.jpg 768w, http:\/\/aeroclubeplanalto.org.br\/site\/wp-content\/uploads\/2022\/08\/IMG_0641-1536x1152.jpg 1536w, http:\/\/aeroclubeplanalto.org.br\/site\/wp-content\/uploads\/2022\/08\/IMG_0641-2048x1536.jpg 2048w\" sizes=\"(max-width: 800px) 100vw, 800px\" \/><\/a>\n\t\t\t<\/div><\/figure><figure class='gallery-item'>\n\t\t\t<div class='gallery-icon landscape'>\n\t\t\t\t<a data-elementor-open-lightbox=\"yes\" data-elementor-lightbox-slideshow=\"c29c74e\" data-elementor-lightbox-title=\"IMG_0640\" data-e-action-hash=\"#elementor-action%3Aaction%3Dlightbox%26settings%3DeyJpZCI6MTU4MTAzLCJ1cmwiOiJodHRwOlwvXC9hZXJvY2x1YmVwbGFuYWx0by5vcmcuYnJcL3NpdGVcL3dwLWNvbnRlbnRcL3VwbG9hZHNcLzIwMjJcLzA4XC9JTUdfMDY0MC1zY2FsZWQuanBnIiwic2xpZGVzaG93IjoiYzI5Yzc0ZSJ9\" href='http:\/\/aeroclubeplanalto.org.br\/site\/wp-content\/uploads\/2022\/08\/IMG_0640-scaled.jpg'><img decoding=\"async\" width=\"800\" height=\"600\" src=\"http:\/\/aeroclubeplanalto.org.br\/site\/wp-content\/uploads\/2022\/08\/IMG_0640-1024x768.jpg\" class=\"attachment-large size-large\" alt=\"\" srcset=\"http:\/\/aeroclubeplanalto.org.br\/site\/wp-content\/uploads\/2022\/08\/IMG_0640-1024x768.jpg 1024w, http:\/\/aeroclubeplanalto.org.br\/site\/wp-content\/uploads\/2022\/08\/IMG_0640-300x225.jpg 300w, http:\/\/aeroclubeplanalto.org.br\/site\/wp-content\/uploads\/2022\/08\/IMG_0640-768x576.jpg 768w, http:\/\/aeroclubeplanalto.org.br\/site\/wp-content\/uploads\/2022\/08\/IMG_0640-1536x1152.jpg 1536w, http:\/\/aeroclubeplanalto.org.br\/site\/wp-content\/uploads\/2022\/08\/IMG_0640-2048x1536.jpg 2048w\" sizes=\"(max-width: 800px) 100vw, 800px\" \/><\/a>\n\t\t\t<\/div><\/figure>\n\t\t<\/div>\n\t\t<\/div>\n\t\t\t\t\t\t<\/div>\n\t\t\t\t<\/div>\n\t\t\t\t\t<\/div>\n\t\t<\/div>\n\t\t\t\t\t<\/div>\n\t\t<\/section>\n\t\t\t\t<section class=\"elementor-section elementor-top-section elementor-element elementor-element-4e7d6554 elementor-section-boxed elementor-section-height-default elementor-section-height-default\" data-id=\"4e7d6554\" data-element_type=\"section\" data-e-type=\"section\">\n\t\t\t\t\t\t<div class=\"elementor-container elementor-column-gap-default\">\n\t\t\t\t\t<div class=\"elementor-column elementor-col-100 elementor-top-column elementor-element elementor-element-2b91a77c\" data-id=\"2b91a77c\" data-element_type=\"column\" data-e-type=\"column\">\n\t\t\t<div class=\"elementor-widget-wrap elementor-element-populated\">\n\t\t\t\t\t\t\t<\/div>\n\t\t<\/div>\n\t\t\t\t\t<\/div>\n\t\t<\/section>\n\t\t\t\t<section class=\"elementor-section elementor-top-section elementor-element elementor-element-948d513 elementor-section-boxed elementor-section-height-default elementor-section-height-default\" data-id=\"948d513\" data-element_type=\"section\" data-e-type=\"section\">\n\t\t\t\t\t\t<div class=\"elementor-container elementor-column-gap-default\">\n\t\t\t\t\t<div class=\"elementor-column elementor-col-100 elementor-top-column elementor-element elementor-element-806adbd\" data-id=\"806adbd\" data-element_type=\"column\" data-e-type=\"column\">\n\t\t\t<div class=\"elementor-widget-wrap elementor-element-populated\">\n\t\t\t\t\t\t<div class=\"elementor-element elementor-element-5814139 elementor-widget elementor-widget-text-editor\" data-id=\"5814139\" data-element_type=\"widget\" data-e-type=\"widget\" data-widget_type=\"text-editor.default\">\n\t\t\t\t<div class=\"elementor-widget-container\">\n\t\t\t\t\t\t\t\t\t<p>Veja aqui como ligar o Simulador\u00a0 \u00a0&#8212;\u00a0 \u00a0<a style=\"font-family: var( --e-global-typography-text-font-family ), Sans-serif; font-weight: var( --e-global-typography-text-font-weight ); background-color: #ffffff; font-size: 0.875rem;\" href=\"http:\/\/aeroclubeplanalto.org.br\/site\/wp-content\/uploads\/2022\/08\/Inicializacao-do-Simulador.pdf\" target=\"_blank\" rel=\"noopener\">Inicializa\u00e7\u00e3o-do-Simulador<\/a><\/p>\t\t\t\t\t\t\t\t<\/div>\n\t\t\t\t<\/div>\n\t\t\t\t\t<\/div>\n\t\t<\/div>\n\t\t\t\t\t<\/div>\n\t\t<\/section>\n\t\t\t\t<section class=\"elementor-section elementor-top-section elementor-element elementor-element-8ead457 elementor-section-boxed elementor-section-height-default elementor-section-height-default\" data-id=\"8ead457\" data-element_type=\"section\" data-e-type=\"section\">\n\t\t\t\t\t\t<div class=\"elementor-container elementor-column-gap-default\">\n\t\t\t\t\t<div class=\"elementor-column elementor-col-100 elementor-top-column elementor-element elementor-element-1bed65c\" data-id=\"1bed65c\" data-element_type=\"column\" data-e-type=\"column\">\n\t\t\t<div class=\"elementor-widget-wrap elementor-element-populated\">\n\t\t\t\t\t\t<div class=\"elementor-element elementor-element-ef7f7f8 elementor-widget elementor-widget-text-editor\" data-id=\"ef7f7f8\" data-element_type=\"widget\" data-e-type=\"widget\" data-widget_type=\"text-editor.default\">\n\t\t\t\t<div class=\"elementor-widget-container\">\n\t\t\t\t\t\t\t\t\t<p>Aqui o Instrutor encontrar\u00e1 todas as orienta\u00e7\u00f5es para a Instru\u00e7\u00e3o em Simulador\u00a0 \u00a0&#8212;\u00a0 <a href=\"http:\/\/aeroclubeplanalto.org.br\/site\/wp-content\/uploads\/2022\/08\/Guia-do-Instrutor-de-Simulador.pdf\" target=\"_blank\" rel=\"noopener\">Manual de Instru\u00e7\u00e3o em Simulador<\/a><\/p>\t\t\t\t\t\t\t\t<\/div>\n\t\t\t\t<\/div>\n\t\t\t\t\t<\/div>\n\t\t<\/div>\n\t\t\t\t\t<\/div>\n\t\t<\/section>\n\t\t\t\t<section class=\"elementor-section elementor-top-section elementor-element elementor-element-087618e elementor-section-boxed elementor-section-height-default elementor-section-height-default\" data-id=\"087618e\" data-element_type=\"section\" data-e-type=\"section\">\n\t\t\t\t\t\t<div class=\"elementor-container elementor-column-gap-default\">\n\t\t\t\t\t<div class=\"elementor-column elementor-col-100 elementor-top-column elementor-element elementor-element-8938444\" data-id=\"8938444\" data-element_type=\"column\" data-e-type=\"column\">\n\t\t\t<div class=\"elementor-widget-wrap elementor-element-populated\">\n\t\t\t\t\t\t<div class=\"elementor-element elementor-element-b0f5146 elementor-widget elementor-widget-text-editor\" data-id=\"b0f5146\" data-element_type=\"widget\" data-e-type=\"widget\" data-widget_type=\"text-editor.default\">\n\t\t\t\t<div class=\"elementor-widget-container\">\n\t\t\t\t\t\t\t\t\t<p>Baixe a Ficha para acompanhamento da Instru\u00e7\u00e3o em Simulador\u00a0 \u00a0&#8212;\u00a0 <a href=\"http:\/\/aeroclubeplanalto.org.br\/site\/wp-content\/uploads\/2022\/08\/Ficha-de-acompanhamento-do-Aluno.docx\" target=\"_blank\" rel=\"noopener\">\u00a0Ficha de Acompanhamento<\/a><\/p>\t\t\t\t\t\t\t\t<\/div>\n\t\t\t\t<\/div>\n\t\t\t\t\t<\/div>\n\t\t<\/div>\n\t\t\t\t\t<\/div>\n\t\t<\/section>\n\t\t\t\t<\/div>\n\t\t","protected":false},"excerpt":{"rendered":"<p>Veja aqui como ligar o Simulador\u00a0 \u00a0&#8212;\u00a0 \u00a0Inicializa\u00e7\u00e3o-do-Simulador Aqui o Instrutor encontrar\u00e1 todas as orienta\u00e7\u00f5es para a Instru\u00e7\u00e3o em Simulador\u00a0 \u00a0&#8212;\u00a0 Manual de Instru\u00e7\u00e3o em Simulador Baixe a Ficha para &#8230;<\/p>\n","protected":false},"author":1,"featured_media":0,"parent":0,"menu_order":0,"comment_status":"closed","ping_status":"closed","template":"","meta":{"footnotes":""},"class_list":["post-158080","page","type-page","status-publish","hentry"],"_links":{"self":[{"href":"http:\/\/aeroclubeplanalto.org.br\/site\/wp-json\/wp\/v2\/pages\/158080","targetHints":{"allow":["GET"]}}],"collection":[{"href":"http:\/\/aeroclubeplanalto.org.br\/site\/wp-json\/wp\/v2\/pages"}],"about":[{"href":"http:\/\/aeroclubeplanalto.org.br\/site\/wp-json\/wp\/v2\/types\/page"}],"author":[{"embeddable":true,"href":"http:\/\/aeroclubeplanalto.org.br\/site\/wp-json\/wp\/v2\/users\/1"}],"replies":[{"embeddable":true,"href":"http:\/\/aeroclubeplanalto.org.br\/site\/wp-json\/wp\/v2\/comments?post=158080"}],"version-history":[{"count":19,"href":"http:\/\/aeroclubeplanalto.org.br\/site\/wp-json\/wp\/v2\/pages\/158080\/revisions"}],"predecessor-version":[{"id":158117,"href":"http:\/\/aeroclubeplanalto.org.br\/site\/wp-json\/wp\/v2\/pages\/158080\/revisions\/158117"}],"wp:attachment":[{"href":"http:\/\/aeroclubeplanalto.org.br\/site\/wp-json\/wp\/v2\/media?parent=158080"}],"curies":[{"name":"wp","href":"https:\/\/api.w.org\/{rel}","templated":true}]}}